{"id":6124,"date":"2024-07-24T07:17:32","date_gmt":"2024-07-24T07:17:32","guid":{"rendered":"https:\/\/wpecomus.com\/electronic\/cart\/"},"modified":"2025-10-28T20:59:16","modified_gmt":"2025-10-28T20:59:16","slug":"shop-cart","status":"publish","type":"page","link":"https:\/\/roudaynadesigns.com\/index.php\/shop-cart\/","title":{"rendered":"Cart"},"content":{"rendered":"\t\t<div data-elementor-type=\"wp-page\" data-elementor-id=\"6124\" class=\"elementor elementor-6124\">\n\t\t\t\t<div class=\"elementor-element elementor-element-39a099e8 e-flex e-con-boxed ecomus-responsive-column ecomus-tablet-column--default ecomus-responsive-column ecomus-mobile-column--default ecomus-responsive-column ecomus-motion--var(--position) e-con e-parent\" data-id=\"39a099e8\" data-element_type=\"container\">\n\t\t\t\t\t<div class=\"e-con-inner\">\n\t\t\t\t<div class=\"elementor-element elementor-element-16ecf97e elementor-widget elementor-widget-shortcode\" data-id=\"16ecf97e\" data-element_type=\"widget\" data-widget_type=\"shortcode.default\">\n\t\t\t\t<div class=\"elementor-widget-container\">\n\t\t\t\t\t\t\t<div class=\"elementor-shortcode\"><\/div>\n\t\t\t\t\t\t<\/div>\n\t\t\t\t<\/div>\n\t\t\t\t\t<\/div>\n\t\t\t\t<\/div>\n\t\t<div class=\"elementor-element elementor-element-25fe117 e-flex e-con-boxed ecomus-responsive-column ecomus-tablet-column--default ecomus-responsive-column ecomus-mobile-column--default ecomus-responsive-column ecomus-motion--var(--position) e-con e-parent\" data-id=\"25fe117\" data-element_type=\"container\">\n\t\t\t\t\t<div class=\"e-con-inner\">\n\t\t\t\t\t<\/div>\n\t\t\t\t<\/div>\n\t\t<div class=\"elementor-element elementor-element-27d1789 e-flex e-con-boxed ecomus-responsive-column ecomus-tablet-column--default ecomus-responsive-column ecomus-mobile-column--default ecomus-responsive-column ecomus-motion--var(--position) e-con e-parent\" data-id=\"27d1789\" data-element_type=\"container\">\n\t\t\t\t\t<div class=\"e-con-inner\">\n\t\t\t\t<div class=\"elementor-element elementor-element-5fd2a46 elementor-widget elementor-widget-ecomus-heading\" data-id=\"5fd2a46\" data-element_type=\"widget\" data-widget_type=\"ecomus-heading.default\">\n\t\t\t\t<div class=\"elementor-widget-container\">\n\t\t\t\t\t\t\t<div class=\"ecomus-heading-elementor\">\n\t\t\t\t<h4 class=\"ecomus-heading em-flex em-flex-align-center ecomus-heading--default\">\n\t\t\t\t\t\t\t\t\t\tYou may also like\t\t\t\t<\/h4>\n\t\t\t<\/div>\n\t\t\t\t\t\t<\/div>\n\t\t\t\t<\/div>\n\t\t\t\t<div class=\"elementor-element elementor-element-53dac65 navigation-class-arrows elementor-widget elementor-widget-ecomus-products-carousel\" data-id=\"53dac65\" data-element_type=\"widget\" data-settings=\"{&quot;slides_to_show&quot;:4,&quot;slides_to_scroll&quot;:1,&quot;image_spacing_custom&quot;:30,&quot;navigation&quot;:&quot;both&quot;,&quot;speed&quot;:800}\" data-widget_type=\"ecomus-products-carousel.default\">\n\t\t\t\t<div class=\"elementor-widget-container\">\n\t\t\t\t\t\t\t<div class=\"ecomus-products-carousel ecomus-products-carousel--elementor ecomus-carousel--elementor ecomus-carousel--slidesperview-auto\">\n\t\t\t<div class=\"ecomus-products-carousel--relative em-relative\"><div class=\"swiper product-swiper--elementor columns-4 tablet-col-4 mobile-col-4\"><ul class=\"products columns-4\">\n<li class=\"product type-product post-6698 status-publish first instock product_cat-abayas product_cat-women has-post-thumbnail taxable shipping-taxable purchasable product-type-simple\">\n\t<a href=\"https:\/\/roudaynadesigns.com\/index.php\/product\/abaya-en-velours-de-soie-noir-calligraphie-poetique-brodee\/\" class=\"woocommerce-LoopProduct-link woocommerce-loop-product__link\"><img fetchpriority=\"high\" decoding=\"async\" width=\"300\" height=\"450\" src=\"https:\/\/roudaynadesigns.com\/wp-content\/uploads\/2026\/02\/WhatsApp-Image-2026-02-13-at-11.41.51-300x450.jpeg\" class=\"attachment-woocommerce_thumbnail size-woocommerce_thumbnail\" alt=\"Abaya en velours de soie noir \u2013 calligraphie po\u00e9tique brod\u00e9e\" \/><h2 class=\"woocommerce-loop-product__title\">Abaya en velours de soie noir \u2013 calligraphie po\u00e9tique brod\u00e9e<\/h2>\n\t<span class=\"price\"><span class=\"woocommerce-Price-amount amount\"><bdi><span class=\"woocommerce-Price-currencySymbol\">&#x62f;.&#x62a;<\/span>&nbsp;220,000<\/bdi><\/span><\/span>\n<\/a><a href=\"?add-to-cart=6698\" data-quantity=\"1\" class=\"button product_type_simple add_to_cart_button ajax_add_to_cart\" data-product_id=\"6698\" data-product_sku=\"\" aria-label=\"Ajouter au panier\u00a0: &ldquo;Abaya en velours de soie noir \u2013 calligraphie po\u00e9tique brod\u00e9e&rdquo;\" rel=\"nofollow\" data-success_message=\"\u00ab\u00a0Abaya en velours de soie noir \u2013 calligraphie po\u00e9tique brod\u00e9e\u00a0\u00bb a \u00e9t\u00e9 ajout\u00e9 \u00e0 votre panier\">Ajouter au panier<\/a><\/li>\n<li class=\"product type-product post-6695 status-publish instock product_cat-abayas product_cat-caftans product_cat-jebbas product_cat-robes product_cat-women has-post-thumbnail taxable shipping-taxable purchasable product-type-simple\">\n\t<a href=\"https:\/\/roudaynadesigns.com\/index.php\/product\/caftan-en-velours-burgundy-details-en-contil-dore\/\" class=\"woocommerce-LoopProduct-link woocommerce-loop-product__link\"><img decoding=\"async\" width=\"300\" height=\"450\" src=\"https:\/\/roudaynadesigns.com\/wp-content\/uploads\/2026\/02\/b1-300x450.jpeg\" class=\"attachment-woocommerce_thumbnail size-woocommerce_thumbnail\" alt=\"Caftan en velours Burgundy \u2013 d\u00e9tails en contil dor\u00e9\" \/><h2 class=\"woocommerce-loop-product__title\">Caftan en velours Burgundy \u2013 d\u00e9tails en contil dor\u00e9<\/h2>\n\t<span class=\"price\"><span class=\"woocommerce-Price-amount amount\"><bdi><span class=\"woocommerce-Price-currencySymbol\">&#x62f;.&#x62a;<\/span>&nbsp;220,000<\/bdi><\/span><\/span>\n<\/a><a href=\"?add-to-cart=6695\" data-quantity=\"1\" class=\"button product_type_simple add_to_cart_button ajax_add_to_cart\" data-product_id=\"6695\" data-product_sku=\"\" aria-label=\"Ajouter au panier\u00a0: &ldquo;Caftan en velours Burgundy \u2013 d\u00e9tails en contil dor\u00e9&rdquo;\" rel=\"nofollow\" data-success_message=\"\u00ab\u00a0Caftan en velours Burgundy \u2013 d\u00e9tails en contil dor\u00e9\u00a0\u00bb a \u00e9t\u00e9 ajout\u00e9 \u00e0 votre panier\">Ajouter au panier<\/a><\/li>\n<li class=\"product type-product post-6692 status-publish instock product_cat-caftans product_cat-jebbas product_cat-robes product_cat-women has-post-thumbnail taxable shipping-taxable purchasable product-type-simple\">\n\t<a href=\"https:\/\/roudaynadesigns.com\/index.php\/product\/caftan-emerald-olive-en-velours\/\" class=\"woocommerce-LoopProduct-link woocommerce-loop-product__link\"><img decoding=\"async\" width=\"300\" height=\"450\" src=\"https:\/\/roudaynadesigns.com\/wp-content\/uploads\/2026\/02\/WhatsApp-Image-2026-02-13-at-10.59.01-1-300x450.jpeg\" class=\"attachment-woocommerce_thumbnail size-woocommerce_thumbnail\" alt=\"Caftan Emerald Olive en velours\" \/><h2 class=\"woocommerce-loop-product__title\">Caftan Emerald Olive en velours<\/h2>\n\t<span class=\"price\"><span class=\"woocommerce-Price-amount amount\"><bdi><span class=\"woocommerce-Price-currencySymbol\">&#x62f;.&#x62a;<\/span>&nbsp;180,000<\/bdi><\/span><\/span>\n<\/a><a href=\"?add-to-cart=6692\" data-quantity=\"1\" class=\"button product_type_simple add_to_cart_button ajax_add_to_cart\" data-product_id=\"6692\" data-product_sku=\"\" aria-label=\"Ajouter au panier\u00a0: &ldquo;Caftan Emerald Olive en velours&rdquo;\" rel=\"nofollow\" data-success_message=\"\u00ab\u00a0Caftan Emerald Olive en velours\u00a0\u00bb a \u00e9t\u00e9 ajout\u00e9 \u00e0 votre panier\">Ajouter au panier<\/a><\/li>\n<li class=\"product type-product post-6687 status-publish last instock product_cat-caftans product_cat-jebbas product_cat-robes product_cat-women has-post-thumbnail taxable shipping-taxable purchasable product-type-simple\">\n\t<a href=\"https:\/\/roudaynadesigns.com\/index.php\/product\/caftan-en-lin-beige-calligraphie-doree\/\" class=\"woocommerce-LoopProduct-link woocommerce-loop-product__link\"><img loading=\"lazy\" decoding=\"async\" width=\"300\" height=\"450\" src=\"https:\/\/roudaynadesigns.com\/wp-content\/uploads\/2026\/02\/WhatsApp-Image-2026-02-13-at-10.51.42-2-300x450.jpeg\" class=\"attachment-woocommerce_thumbnail size-woocommerce_thumbnail\" alt=\"Caftan en lin beige \u2013 Calligraphie dor\u00e9e\" \/><h2 class=\"woocommerce-loop-product__title\">Caftan en lin beige \u2013 Calligraphie dor\u00e9e<\/h2>\n\t<span class=\"price\"><span class=\"woocommerce-Price-amount amount\"><bdi><span class=\"woocommerce-Price-currencySymbol\">&#x62f;.&#x62a;<\/span>&nbsp;280,000<\/bdi><\/span><\/span>\n<\/a><a href=\"?add-to-cart=6687\" data-quantity=\"1\" class=\"button product_type_simple add_to_cart_button ajax_add_to_cart\" data-product_id=\"6687\" data-product_sku=\"\" aria-label=\"Ajouter au panier\u00a0: &ldquo;Caftan en lin beige \u2013 Calligraphie dor\u00e9e&rdquo;\" rel=\"nofollow\" data-success_message=\"\u00ab\u00a0Caftan en lin beige \u2013 Calligraphie dor\u00e9e\u00a0\u00bb a \u00e9t\u00e9 ajout\u00e9 \u00e0 votre panier\">Ajouter au panier<\/a><\/li>\n<\/ul>\n<\/div><span class=\"ecomus-svg-icon ecomus-svg-icon--left-mini elementor-swiper-button-prev swiper-button\" ><svg aria-hidden=\"true\" role=\"img\" focusable=\"false\" width=\"7\" height=\"11\" viewBox=\"0 0 7 11\" fill=\"currentColor\" xmlns=\"http:\/\/www.w3.org\/2000\/svg\"><path d=\"M5.5 11L0 5.5L5.5 0L6.47625 0.97625L1.9525 5.5L6.47625 10.0238L5.5 11Z\" fill=\"currentColor\"\/><\/svg><\/span><span class=\"ecomus-svg-icon ecomus-svg-icon--right-mini elementor-swiper-button-next swiper-button\" ><svg aria-hidden=\"true\" role=\"img\" focusable=\"false\" width=\"7\" height=\"11\" viewBox=\"0 0 7 11\" fill=\"currentColor\" xmlns=\"http:\/\/www.w3.org\/2000\/svg\"><path d=\"M1.5 11L7 5.5L1.5 0L0.52375 0.97625L5.0475 5.5L0.52375 10.0238L1.5 11Z\" fill=\"currentColor\"\/><\/svg><\/span><div class=\"swiper-pagination  swiper-pagination-bullet--small\"><\/div><\/div>\t\t<\/div>\n\t\t\t\t\t\t<\/div>\n\t\t\t\t<\/div>\n\t\t\t\t\t<\/div>\n\t\t\t\t<\/div>\n\t\t\t\t<\/div>\n\t\t","protected":false},"excerpt":{"rendered":"<p>You may also like New Select options (0) test &#x62f;.&#x62a;&nbsp;22,000 &ndash; &#x62f;.&#x62a;&nbsp;55,000 Select options Read more (0) abaya Read more -4% Add to cart (1) Oversized Motif T-shirt &#x62f;.&#x62a;&nbsp;25,000 Original price was: &#x62f;.&#x62a;&nbsp;25,000.&#x62f;.&#x62a;&nbsp;23,990Current price is: &#x62f;.&#x62a;&nbsp;23,990. Add to cart Sold out Select options (1) Drawstring-detail Sports Tank Top &#x62f;.&#x62a;&nbsp;14,990 Original price was: &#x62f;.&#x62a;&nbsp;14,990.&#x62f;.&#x62a;&nbsp;8,990Current price is: [&hellip;]<\/p>\n","protected":false},"author":1,"featured_media":0,"parent":0,"menu_order":0,"comment_status":"closed","ping_status":"closed","template":"","meta":{"footnotes":""},"class_list":["post-6124","page","type-page","status-publish","hentry"],"_links":{"self":[{"href":"https:\/\/roudaynadesigns.com\/index.php\/wp-json\/wp\/v2\/pages\/6124","targetHints":{"allow":["GET"]}}],"collection":[{"href":"https:\/\/roudaynadesigns.com\/index.php\/wp-json\/wp\/v2\/pages"}],"about":[{"href":"https:\/\/roudaynadesigns.com\/index.php\/wp-json\/wp\/v2\/types\/page"}],"author":[{"embeddable":true,"href":"https:\/\/roudaynadesigns.com\/index.php\/wp-json\/wp\/v2\/users\/1"}],"replies":[{"embeddable":true,"href":"https:\/\/roudaynadesigns.com\/index.php\/wp-json\/wp\/v2\/comments?post=6124"}],"version-history":[{"count":4,"href":"https:\/\/roudaynadesigns.com\/index.php\/wp-json\/wp\/v2\/pages\/6124\/revisions"}],"predecessor-version":[{"id":6334,"href":"https:\/\/roudaynadesigns.com\/index.php\/wp-json\/wp\/v2\/pages\/6124\/revisions\/6334"}],"wp:attachment":[{"href":"https:\/\/roudaynadesigns.com\/index.php\/wp-json\/wp\/v2\/media?parent=6124"}],"curies":[{"name":"wp","href":"https:\/\/api.w.org\/{rel}","templated":true}]}}